{"id":8247,"date":"2022-11-29T01:38:13","date_gmt":"2022-11-29T00:38:13","guid":{"rendered":"https:\/\/plenoil.es\/politica-de-qualidade-e-ambiental\/"},"modified":"2023-12-20T13:03:18","modified_gmt":"2023-12-20T12:03:18","slug":"politica-de-qualidade-e-ambiental","status":"publish","type":"page","link":"https:\/\/plenergy.es\/pt-pt\/politica-de-qualidade-e-ambiental\/","title":{"rendered":"Pol\u00edtica de qualidade e ambiental"},"content":{"rendered":"\t\t<div data-elementor-type=\"wp-page\" data-elementor-id=\"8247\" class=\"elementor elementor-8247 elementor-930\" data-elementor-post-type=\"page\">\n\t\t\t\t\t\t<section class=\"elementor-section elementor-top-section elementor-element elementor-element-f29ad57 elementor-section-boxed elementor-section-height-default elementor-section-height-default\" data-id=\"f29ad57\" data-element_type=\"section\" data-e-type=\"section\">\n\t\t\t\t\t\t<div class=\"elementor-container elementor-column-gap-no\">\n\t\t\t\t\t<div class=\"elementor-column elementor-col-100 elementor-top-column elementor-element elementor-element-d66a426\" data-id=\"d66a426\" data-element_type=\"column\" data-e-type=\"column\">\n\t\t\t<div class=\"elementor-widget-wrap elementor-element-populated\">\n\t\t\t\t\t\t<div class=\"elementor-element elementor-element-1d830c7 elementor-widget elementor-widget-spacer\" data-id=\"1d830c7\" data-element_type=\"widget\" data-e-type=\"widget\" data-widget_type=\"spacer.default\">\n\t\t\t\t<div class=\"elementor-widget-container\">\n\t\t\t\t\t\t\t<div class=\"elementor-spacer\">\n\t\t\t<div class=\"elementor-spacer-inner\"><\/div>\n\t\t<\/div>\n\t\t\t\t\t\t<\/div>\n\t\t\t\t<\/div>\n\t\t\t\t<div class=\"elementor-element elementor-element-f7809c7 elementor-widget elementor-widget-heading\" data-id=\"f7809c7\" data-element_type=\"widget\" data-e-type=\"widget\" data-widget_type=\"heading.default\">\n\t\t\t\t<div class=\"elementor-widget-container\">\n\t\t\t\t\t<h2 class=\"elementor-heading-title elementor-size-default\">Pol\u00edtica de qualidade e ambiental<\/h2>\t\t\t\t<\/div>\n\t\t\t\t<\/div>\n\t\t\t\t<div class=\"elementor-element elementor-element-2847858 elementor-widget elementor-widget-spacer\" data-id=\"2847858\" data-element_type=\"widget\" data-e-type=\"widget\" data-widget_type=\"spacer.default\">\n\t\t\t\t<div class=\"elementor-widget-container\">\n\t\t\t\t\t\t\t<div class=\"elementor-spacer\">\n\t\t\t<div class=\"elementor-spacer-inner\"><\/div>\n\t\t<\/div>\n\t\t\t\t\t\t<\/div>\n\t\t\t\t<\/div>\n\t\t\t\t<div class=\"elementor-element elementor-element-03fbc51 elementor-widget elementor-widget-text-editor\" data-id=\"03fbc51\" data-element_type=\"widget\" data-e-type=\"widget\" data-widget_type=\"text-editor.default\">\n\t\t\t\t<div class=\"elementor-widget-container\">\n\t\t\t\t\t\t\t\t\t<p><span style=\"color: #ff6600;\"><strong>PLENOIL<\/strong><\/span>na sua actividade de  <span style=\"color: #ff6600;\"><strong>venda a retalho de combust\u00edveis<\/strong><\/span>A empresa est\u00e1 empenhada na qualidade em conformidade com as normas ISO 9001:2015 e est\u00e1 consciente da import\u00e2ncia de integrar o respeito e a protec\u00e7\u00e3o do ambiente como vari\u00e1vel essencial nas suas actividades, em conformidade com a norma ISO 14001:2015. Por esta raz\u00e3o, a nossa organiza\u00e7\u00e3o estabelece os seguintes princ\u00edpios:<\/p>\n<ul>\n<li><em>Compromisso de cumprir os requisitos legais e outros requisitos que a organiza\u00e7\u00e3o subscreve, para al\u00e9m dos requisitos aplic\u00e1veis adquiridos com os clientes.<\/em><\/li>\n<li><em>Compromisso de melhoria cont\u00ednua do Sistema de Gest\u00e3o para alcan\u00e7ar a melhoria do nosso desempenho ambiental e dos nossos processos de gest\u00e3o da qualidade.<\/em><\/li>\n<li><em>Protec\u00e7\u00e3o do ambiente, incluindo a preven\u00e7\u00e3o da polui\u00e7\u00e3o atrav\u00e9s da aplica\u00e7\u00e3o de crit\u00e9rios de efic\u00e1cia no consumo de recursos naturais, descarga, emiss\u00f5es e gera\u00e7\u00e3o de res\u00edduos atrav\u00e9s do desenvolvimento das nossas actividades, bem como outros impactos que a nossa actividade possa ter sobre o ambiente na medida em que seja t\u00e9cnica e economicamente vi\u00e1vel.<\/em><\/li>\n<li><em>Colaborar com os nossos fornecedores a fim de melhorar o seu desempenho ambiental, conduzindo a uma maior efici\u00eancia ambiental na nossa actividade.<\/em><\/li>\n<li><em>Compromisso de di\u00e1logo aberto e cordial com os diferentes \u00f3rg\u00e3os administrativos, bem como com os vizinhos e outros grupos interessados nas nossas actividades.<\/em><\/li>\n<li><em>Assegurar o estado correcto das instala\u00e7\u00f5es e o equipamento adequado de modo a que estejam em conformidade com a actividade, objectivos e metas da empresa.<\/em><\/li>\n<\/ul>\n<p><em>Estes princ\u00edpios s\u00e3o assumidos pela Direc\u00e7\u00e3o, que disp\u00f5e dos meios necess\u00e1rios e fornece aos seus funcion\u00e1rios recursos suficientes para os cumprir, e que os torna p\u00fablicos atrav\u00e9s desta Pol\u00edtica de Qualidade e Ambiental.<\/em><\/p>\n<p style=\"text-align: right;\"><em>Em Madrid, 09 de Abril de 2020<\/em><\/p>\n<p style=\"text-align: right;\"><em>Endere\u00e7o<\/em><\/p>\n<p style=\"text-align: right;\"><em>Rev. 0<\/em><\/p>\n\t\t\t\t\t\t\t\t<\/div>\n\t\t\t\t<\/div>\n\t\t\t\t<div class=\"elementor-element elementor-element-a1c3bd0 elementor-widget elementor-widget-spacer\" data-id=\"a1c3bd0\" data-element_type=\"widget\" data-e-type=\"widget\" data-widget_type=\"spacer.default\">\n\t\t\t\t<div class=\"elementor-widget-container\">\n\t\t\t\t\t\t\t<div class=\"elementor-spacer\">\n\t\t\t<div class=\"elementor-spacer-inner\"><\/div>\n\t\t<\/div>\n\t\t\t\t\t\t<\/div>\n\t\t\t\t<\/div>\n\t\t\t\t\t<\/div>\n\t\t<\/div>\n\t\t\t\t\t<\/div>\n\t\t<\/section>\n\t\t\t\t<\/div>\n\t\t","protected":false},"excerpt":{"rendered":"<p>Pol\u00edtica de qualidade e ambiental PLENOILna sua actividade de venda a retalho de combust\u00edveisA empresa est\u00e1 empenhada na qualidade em conformidade com as normas ISO 9001:2015 e est\u00e1 consciente da import\u00e2ncia de integrar o respeito e a protec\u00e7\u00e3o do ambiente como vari\u00e1vel essencial nas suas actividades, em conformidade com a norma ISO 14001:2015. Por esta [&hellip;]<\/p>\n","protected":false},"author":1,"featured_media":0,"parent":0,"menu_order":0,"comment_status":"closed","ping_status":"closed","template":"","meta":{"footnotes":""},"class_list":["post-8247","page","type-page","status-publish","hentry"],"yoast_head":"<!-- This site is optimized with the Yoast SEO plugin v27.4 - https:\/\/yoast.com\/product\/yoast-seo-wordpress\/ -->\n<title>Pol\u00edtica de qualidade e ambiental - Plenergy gasolineras<\/title>\n<meta name=\"robots\" content=\"index, follow, max-snippet:-1, max-image-preview:large, max-video-preview:-1\" \/>\n<link rel=\"canonical\" href=\"https:\/\/plenergy.es\/pt-pt\/politica-de-qualidade-e-ambiental\/\" \/>\n<meta property=\"og:locale\" content=\"pt_PT\" \/>\n<meta property=\"og:type\" content=\"article\" \/>\n<meta property=\"og:title\" content=\"Pol\u00edtica de qualidade e ambiental - Plenergy gasolineras\" \/>\n<meta property=\"og:description\" content=\"Pol\u00edtica de qualidade e ambiental PLENOILna sua actividade de venda a retalho de combust\u00edveisA empresa est\u00e1 empenhada na qualidade em conformidade com as normas ISO 9001:2015 e est\u00e1 consciente da impo\" \/>\n<meta property=\"og:url\" content=\"https:\/\/plenergy.es\/pt-pt\/politica-de-qualidade-e-ambiental\/\" \/>\n<meta property=\"og:site_name\" content=\"Plenergy gasolineras\" \/>\n<meta property=\"article:modified_time\" content=\"2023-12-20T12:03:18+00:00\" \/>\n<meta name=\"twitter:card\" content=\"summary_large_image\" \/>\n<meta name=\"twitter:label1\" content=\"Tempo estimado de leitura\" \/>\n\t<meta name=\"twitter:data1\" content=\"2 minutos\" \/>\n<script type=\"application\/ld+json\" class=\"yoast-schema-graph\">{\"@context\":\"https:\\\/\\\/schema.org\",\"@graph\":[{\"@type\":\"WebPage\",\"@id\":\"https:\\\/\\\/plenergy.es\\\/pt-pt\\\/politica-de-qualidade-e-ambiental\\\/\",\"url\":\"https:\\\/\\\/plenergy.es\\\/pt-pt\\\/politica-de-qualidade-e-ambiental\\\/\",\"name\":\"Pol\u00edtica de qualidade e ambiental - Plenergy gasolineras\",\"isPartOf\":{\"@id\":\"https:\\\/\\\/plenergy.es\\\/pt-pt\\\/#website\"},\"datePublished\":\"2022-11-29T00:38:13+00:00\",\"dateModified\":\"2023-12-20T12:03:18+00:00\",\"breadcrumb\":{\"@id\":\"https:\\\/\\\/plenergy.es\\\/pt-pt\\\/politica-de-qualidade-e-ambiental\\\/#breadcrumb\"},\"inLanguage\":\"pt-PT\",\"potentialAction\":[{\"@type\":\"ReadAction\",\"target\":[\"https:\\\/\\\/plenergy.es\\\/pt-pt\\\/politica-de-qualidade-e-ambiental\\\/\"]}]},{\"@type\":\"BreadcrumbList\",\"@id\":\"https:\\\/\\\/plenergy.es\\\/pt-pt\\\/politica-de-qualidade-e-ambiental\\\/#breadcrumb\",\"itemListElement\":[{\"@type\":\"ListItem\",\"position\":1,\"name\":\"Portada\",\"item\":\"https:\\\/\\\/plenergy.es\\\/pt-pt\\\/\"},{\"@type\":\"ListItem\",\"position\":2,\"name\":\"Pol\u00edtica de qualidade e ambiental\"}]},{\"@type\":\"WebSite\",\"@id\":\"https:\\\/\\\/plenergy.es\\\/pt-pt\\\/#website\",\"url\":\"https:\\\/\\\/plenergy.es\\\/pt-pt\\\/\",\"name\":\"Plenergy gasolineras\",\"description\":\"Energ\u00eda al mejor precio para tu veh\u00edculo\",\"publisher\":{\"@id\":\"https:\\\/\\\/plenergy.es\\\/pt-pt\\\/#organization\"},\"potentialAction\":[{\"@type\":\"SearchAction\",\"target\":{\"@type\":\"EntryPoint\",\"urlTemplate\":\"https:\\\/\\\/plenergy.es\\\/pt-pt\\\/?s={search_term_string}\"},\"query-input\":{\"@type\":\"PropertyValueSpecification\",\"valueRequired\":true,\"valueName\":\"search_term_string\"}}],\"inLanguage\":\"pt-PT\"},{\"@type\":\"Organization\",\"@id\":\"https:\\\/\\\/plenergy.es\\\/pt-pt\\\/#organization\",\"name\":\"Plenergy gasolineras\",\"url\":\"https:\\\/\\\/plenergy.es\\\/pt-pt\\\/\",\"logo\":{\"@type\":\"ImageObject\",\"inLanguage\":\"pt-PT\",\"@id\":\"https:\\\/\\\/plenergy.es\\\/pt-pt\\\/#\\\/schema\\\/logo\\\/image\\\/\",\"url\":\"https:\\\/\\\/plenergy.es\\\/wp-content\\\/uploads\\\/2022\\\/11\\\/Plenoil-logo-2022-1.svg\",\"contentUrl\":\"https:\\\/\\\/plenergy.es\\\/wp-content\\\/uploads\\\/2022\\\/11\\\/Plenoil-logo-2022-1.svg\",\"width\":500,\"height\":110,\"caption\":\"Plenergy gasolineras\"},\"image\":{\"@id\":\"https:\\\/\\\/plenergy.es\\\/pt-pt\\\/#\\\/schema\\\/logo\\\/image\\\/\"}}]}<\/script>\n<!-- \/ Yoast SEO plugin. -->","yoast_head_json":{"title":"Pol\u00edtica de qualidade e ambiental - Plenergy gasolineras","robots":{"index":"index","follow":"follow","max-snippet":"max-snippet:-1","max-image-preview":"max-image-preview:large","max-video-preview":"max-video-preview:-1"},"canonical":"https:\/\/plenergy.es\/pt-pt\/politica-de-qualidade-e-ambiental\/","og_locale":"pt_PT","og_type":"article","og_title":"Pol\u00edtica de qualidade e ambiental - Plenergy gasolineras","og_description":"Pol\u00edtica de qualidade e ambiental PLENOILna sua actividade de venda a retalho de combust\u00edveisA empresa est\u00e1 empenhada na qualidade em conformidade com as normas ISO 9001:2015 e est\u00e1 consciente da impo","og_url":"https:\/\/plenergy.es\/pt-pt\/politica-de-qualidade-e-ambiental\/","og_site_name":"Plenergy gasolineras","article_modified_time":"2023-12-20T12:03:18+00:00","twitter_card":"summary_large_image","twitter_misc":{"Tempo estimado de leitura":"2 minutos"},"schema":{"@context":"https:\/\/schema.org","@graph":[{"@type":"WebPage","@id":"https:\/\/plenergy.es\/pt-pt\/politica-de-qualidade-e-ambiental\/","url":"https:\/\/plenergy.es\/pt-pt\/politica-de-qualidade-e-ambiental\/","name":"Pol\u00edtica de qualidade e ambiental - Plenergy gasolineras","isPartOf":{"@id":"https:\/\/plenergy.es\/pt-pt\/#website"},"datePublished":"2022-11-29T00:38:13+00:00","dateModified":"2023-12-20T12:03:18+00:00","breadcrumb":{"@id":"https:\/\/plenergy.es\/pt-pt\/politica-de-qualidade-e-ambiental\/#breadcrumb"},"inLanguage":"pt-PT","potentialAction":[{"@type":"ReadAction","target":["https:\/\/plenergy.es\/pt-pt\/politica-de-qualidade-e-ambiental\/"]}]},{"@type":"BreadcrumbList","@id":"https:\/\/plenergy.es\/pt-pt\/politica-de-qualidade-e-ambiental\/#breadcrumb","itemListElement":[{"@type":"ListItem","position":1,"name":"Portada","item":"https:\/\/plenergy.es\/pt-pt\/"},{"@type":"ListItem","position":2,"name":"Pol\u00edtica de qualidade e ambiental"}]},{"@type":"WebSite","@id":"https:\/\/plenergy.es\/pt-pt\/#website","url":"https:\/\/plenergy.es\/pt-pt\/","name":"Plenergy gasolineras","description":"Energ\u00eda al mejor precio para tu veh\u00edculo","publisher":{"@id":"https:\/\/plenergy.es\/pt-pt\/#organization"},"potentialAction":[{"@type":"SearchAction","target":{"@type":"EntryPoint","urlTemplate":"https:\/\/plenergy.es\/pt-pt\/?s={search_term_string}"},"query-input":{"@type":"PropertyValueSpecification","valueRequired":true,"valueName":"search_term_string"}}],"inLanguage":"pt-PT"},{"@type":"Organization","@id":"https:\/\/plenergy.es\/pt-pt\/#organization","name":"Plenergy gasolineras","url":"https:\/\/plenergy.es\/pt-pt\/","logo":{"@type":"ImageObject","inLanguage":"pt-PT","@id":"https:\/\/plenergy.es\/pt-pt\/#\/schema\/logo\/image\/","url":"https:\/\/plenergy.es\/wp-content\/uploads\/2022\/11\/Plenoil-logo-2022-1.svg","contentUrl":"https:\/\/plenergy.es\/wp-content\/uploads\/2022\/11\/Plenoil-logo-2022-1.svg","width":500,"height":110,"caption":"Plenergy gasolineras"},"image":{"@id":"https:\/\/plenergy.es\/pt-pt\/#\/schema\/logo\/image\/"}}]}},"_links":{"self":[{"href":"https:\/\/plenergy.es\/pt-pt\/wp-json\/wp\/v2\/pages\/8247","targetHints":{"allow":["GET"]}}],"collection":[{"href":"https:\/\/plenergy.es\/pt-pt\/wp-json\/wp\/v2\/pages"}],"about":[{"href":"https:\/\/plenergy.es\/pt-pt\/wp-json\/wp\/v2\/types\/page"}],"author":[{"embeddable":true,"href":"https:\/\/plenergy.es\/pt-pt\/wp-json\/wp\/v2\/users\/1"}],"replies":[{"embeddable":true,"href":"https:\/\/plenergy.es\/pt-pt\/wp-json\/wp\/v2\/comments?post=8247"}],"version-history":[{"count":0,"href":"https:\/\/plenergy.es\/pt-pt\/wp-json\/wp\/v2\/pages\/8247\/revisions"}],"wp:attachment":[{"href":"https:\/\/plenergy.es\/pt-pt\/wp-json\/wp\/v2\/media?parent=8247"}],"curies":[{"name":"wp","href":"https:\/\/api.w.org\/{rel}","templated":true}]}}